{"id":1109,"date":"2016-02-29T17:19:23","date_gmt":"2016-02-29T16:19:23","guid":{"rendered":"https:\/\/www.yusewood.com\/vrhunski-leseni-izdelki-terase\/"},"modified":"2026-03-20T08:38:44","modified_gmt":"2026-03-20T07:38:44","slug":"vrhunski-leseni-izdelki-terase","status":"publish","type":"page","link":"https:\/\/www.yusewood.com\/sl\/","title":{"rendered":"Vrhunski leseni izdelki &amp; terase"},"content":{"rendered":"\n<p>Pri YuseWoodu ustvarjamo izjemne lesene terase in vrhunske zunanje re\u0161itve, ki zdru\u017eujejo naravno eleganco z dolgotrajno vzdr\u017eljivostjo. Na\u0161i visokokakovostni leseni podi, izdelani iz vrhunskih trdih in mehkih lesov, zagotavljajo luksuzno in odporno izku\u0161njo na prostem. Ne glede na to, ali sanjate o udobnem lesenem podu ali prostorni terasi, v vsak projekt vna\u0161amo strokovno izdelavo in najbolj\u0161e materiale.  <\/p>\n\n<p>Na\u0161 izbor vklju\u010duje eksoti\u010dne trde lesove, kot so Ipe, Tik in Cumaru, znane po svoji vzdr\u017eljivosti, bogatih tonih in odpornosti na vremenske vplive. Ponujamo tudi vrhunske mehke lesove, kot sta rde\u010da cedra in termi\u010dno obdelan bor, ki zagotavljajo lepoto in trdnost po konkuren\u010dnih cenah. Z mo\u010dnim poudarkom na trajnosti in dolgo\u017eivosti zagotavljamo, da je vsaka deska skrbno izbrana in obdelana za optimalno delovanje.  <\/p>\n\n<p>Poleg materialov je na\u0161e strokovno znanje v oblikovanju in gradnji teras, ki se brezhibno vklju\u010dijo v arhitekturni slog va\u0161ega doma. Od modernih minimalisti\u010dnih dizajnov do klasi\u010dnih, brez\u010dasnih struktur, vsako podrobnost prilagodimo va\u0161i viziji. Na\u0161e vgrajene funkcije, kot so sede\u017ei po meri, re\u0161itve za razsvetljavo in pergole, preoblikujejo va\u0161 zunanji prostor v prefinjeno zato\u010di\u0161\u010de.  <\/p>\n\n<p>Ne gradimo le teras \u2013 ustvarjamo dolgoro\u010dne nalo\u017ebe. Na\u0161e in\u017eenirske podkonstrukcije, skriti pritrdilni sistemi in natan\u010dne tehnike vgradnje zagotavljajo stabilen, estetsko brezhiben pod, ki traja desetletja. Pravilno vzdr\u017eevanje podalj\u0161uje \u017eivljenjsko dobo va\u0161e terase, na\u0161a strokovna ekipa pa nudi navodila za sezonsko nego, za\u0161\u010ditne obdelave in profesionalno servisiranje.  <\/p>\n\n<p>Izberite YuseWood za svojo vrhunsko leseno teraso, kjer se izdelava sre\u010da z inovacijami. Stopite v stik z nami \u0161e danes, da uresni\u010dite svoj sanjski zunanji prostor. <\/p>\n\n<p><strong>T (+386) 51 757 689 | E-po\u0161ta: <a class=\"\" href=\"mailto:info@yusewood.com\">info@yusewood.com<\/a><\/strong><\/p>\n","protected":false},"excerpt":{"rendered":"<p>Pri YuseWoodu ustvarjamo izjemne lesene terase in vrhunske zunanje re\u0161itve, ki zdru\u017eujejo naravno eleganco z dolgotrajno vzdr\u017eljivostjo. Na\u0161i visokokakovostni leseni podi, izdelani iz vrhunskih trdih in mehkih lesov, zagotavljajo luksuzno in odporno izku\u0161njo na prostem. Ne glede na to, ali sanjate o udobnem lesenem podu ali prostorni terasi, v vsak projekt vna\u0161amo strokovno izdelavo in<\/p>\n","protected":false},"author":1,"featured_media":0,"parent":0,"menu_order":0,"comment_status":"closed","ping_status":"closed","template":"","meta":{"footnotes":""},"class_list":["post-1109","page","type-page","status-publish","hentry","prodpage-classic"],"yoast_head":"<!-- This site is optimized with the Yoast SEO plugin v27.5 - https:\/\/yoast.com\/product\/yoast-seo-wordpress\/ -->\n<title>Vrhunski leseni izdelki &amp; terase - YuseWood<\/title>\n<meta name=\"description\" content=\"Vrhunski leseni izdelki &amp; terase \u2013 Povzdignite svoj zunanji prostor z vzdr\u017eljivimi, elegantnimi in visokokakovostnimi lesenimi podi, tikovino za jahte in \u0161e ve\u010d.\" \/>\n<meta name=\"robots\" content=\"index, follow, max-snippet:-1, max-image-preview:large, max-video-preview:-1\" \/>\n<link rel=\"canonical\" href=\"https:\/\/www.yusewood.com\/sl\/\" \/>\n<meta property=\"og:locale\" content=\"sl_SI\" \/>\n<meta property=\"og:type\" content=\"article\" \/>\n<meta property=\"og:title\" content=\"Vrhunski leseni izdelki &amp; terase - YuseWood\" \/>\n<meta property=\"og:description\" content=\"Vrhunski leseni izdelki &amp; terase \u2013 Povzdignite svoj zunanji prostor z vzdr\u017eljivimi, elegantnimi in visokokakovostnimi lesenimi podi, tikovino za jahte in \u0161e ve\u010d.\" \/>\n<meta property=\"og:url\" content=\"https:\/\/www.yusewood.com\/sl\/\" \/>\n<meta property=\"og:site_name\" content=\"YuseWood\" \/>\n<meta property=\"article:publisher\" content=\"https:\/\/www.facebook.com\/yusewood\" \/>\n<meta property=\"article:modified_time\" content=\"2026-03-20T07:38:44+00:00\" \/>\n<meta name=\"twitter:card\" content=\"summary_large_image\" \/>\n<meta name=\"twitter:label1\" content=\"Est. reading time\" \/>\n\t<meta name=\"twitter:data1\" content=\"3 minute\" \/>\n<script type=\"application\/ld+json\" class=\"yoast-schema-graph\">{\"@context\":\"https:\\\/\\\/schema.org\",\"@graph\":[{\"@type\":\"WebPage\",\"@id\":\"https:\\\/\\\/www.yusewood.com\\\/sl\\\/\",\"url\":\"https:\\\/\\\/www.yusewood.com\\\/sl\\\/\",\"name\":\"Vrhunski leseni izdelki &amp; terase - YuseWood\",\"isPartOf\":{\"@id\":\"https:\\\/\\\/www.yusewood.com\\\/sl\\\/#website\"},\"datePublished\":\"2016-02-29T16:19:23+00:00\",\"dateModified\":\"2026-03-20T07:38:44+00:00\",\"description\":\"Vrhunski leseni izdelki & terase \u2013 Povzdignite svoj zunanji prostor z vzdr\u017eljivimi, elegantnimi in visokokakovostnimi lesenimi podi, tikovino za jahte in \u0161e ve\u010d.\",\"breadcrumb\":{\"@id\":\"https:\\\/\\\/www.yusewood.com\\\/sl\\\/#breadcrumb\"},\"inLanguage\":\"sl-SI\",\"potentialAction\":[{\"@type\":\"ReadAction\",\"target\":[\"https:\\\/\\\/www.yusewood.com\\\/sl\\\/\"]}]},{\"@type\":\"BreadcrumbList\",\"@id\":\"https:\\\/\\\/www.yusewood.com\\\/sl\\\/#breadcrumb\",\"itemListElement\":[{\"@type\":\"ListItem\",\"position\":1,\"name\":\"Domov\",\"item\":\"https:\\\/\\\/www.yusewood.com\\\/sl\\\/\"},{\"@type\":\"ListItem\",\"position\":2,\"name\":\"Vrhunski leseni izdelki &amp; terase\"}]},{\"@type\":\"WebSite\",\"@id\":\"https:\\\/\\\/www.yusewood.com\\\/sl\\\/#website\",\"url\":\"https:\\\/\\\/www.yusewood.com\\\/sl\\\/\",\"name\":\"YuseWood\",\"description\":\"\",\"publisher\":{\"@id\":\"https:\\\/\\\/www.yusewood.com\\\/sl\\\/#organization\"},\"potentialAction\":[{\"@type\":\"SearchAction\",\"target\":{\"@type\":\"EntryPoint\",\"urlTemplate\":\"https:\\\/\\\/www.yusewood.com\\\/sl\\\/?s={search_term_string}\"},\"query-input\":{\"@type\":\"PropertyValueSpecification\",\"valueRequired\":true,\"valueName\":\"search_term_string\"}}],\"inLanguage\":\"sl-SI\"},{\"@type\":\"Organization\",\"@id\":\"https:\\\/\\\/www.yusewood.com\\\/sl\\\/#organization\",\"name\":\"YuseWood\",\"url\":\"https:\\\/\\\/www.yusewood.com\\\/sl\\\/\",\"logo\":{\"@type\":\"ImageObject\",\"inLanguage\":\"sl-SI\",\"@id\":\"https:\\\/\\\/www.yusewood.com\\\/sl\\\/#\\\/schema\\\/logo\\\/image\\\/\",\"url\":\"https:\\\/\\\/www.yusewood.com\\\/wp-content\\\/uploads\\\/2025\\\/03\\\/Yuse-Logo.png\",\"contentUrl\":\"https:\\\/\\\/www.yusewood.com\\\/wp-content\\\/uploads\\\/2025\\\/03\\\/Yuse-Logo.png\",\"width\":500,\"height\":500,\"caption\":\"YuseWood\"},\"image\":{\"@id\":\"https:\\\/\\\/www.yusewood.com\\\/sl\\\/#\\\/schema\\\/logo\\\/image\\\/\"},\"sameAs\":[\"https:\\\/\\\/www.facebook.com\\\/yusewood\",\"https:\\\/\\\/www.instagram.com\\\/yusewood\"]}]}<\/script>\n<!-- \/ Yoast SEO plugin. -->","yoast_head_json":{"title":"Vrhunski leseni izdelki &amp; terase - YuseWood","description":"Vrhunski leseni izdelki & terase \u2013 Povzdignite svoj zunanji prostor z vzdr\u017eljivimi, elegantnimi in visokokakovostnimi lesenimi podi, tikovino za jahte in \u0161e ve\u010d.","robots":{"index":"index","follow":"follow","max-snippet":"max-snippet:-1","max-image-preview":"max-image-preview:large","max-video-preview":"max-video-preview:-1"},"canonical":"https:\/\/www.yusewood.com\/sl\/","og_locale":"sl_SI","og_type":"article","og_title":"Vrhunski leseni izdelki &amp; terase - YuseWood","og_description":"Vrhunski leseni izdelki & terase \u2013 Povzdignite svoj zunanji prostor z vzdr\u017eljivimi, elegantnimi in visokokakovostnimi lesenimi podi, tikovino za jahte in \u0161e ve\u010d.","og_url":"https:\/\/www.yusewood.com\/sl\/","og_site_name":"YuseWood","article_publisher":"https:\/\/www.facebook.com\/yusewood","article_modified_time":"2026-03-20T07:38:44+00:00","twitter_card":"summary_large_image","twitter_misc":{"Est. reading time":"3 minute"},"schema":{"@context":"https:\/\/schema.org","@graph":[{"@type":"WebPage","@id":"https:\/\/www.yusewood.com\/sl\/","url":"https:\/\/www.yusewood.com\/sl\/","name":"Vrhunski leseni izdelki &amp; terase - YuseWood","isPartOf":{"@id":"https:\/\/www.yusewood.com\/sl\/#website"},"datePublished":"2016-02-29T16:19:23+00:00","dateModified":"2026-03-20T07:38:44+00:00","description":"Vrhunski leseni izdelki & terase \u2013 Povzdignite svoj zunanji prostor z vzdr\u017eljivimi, elegantnimi in visokokakovostnimi lesenimi podi, tikovino za jahte in \u0161e ve\u010d.","breadcrumb":{"@id":"https:\/\/www.yusewood.com\/sl\/#breadcrumb"},"inLanguage":"sl-SI","potentialAction":[{"@type":"ReadAction","target":["https:\/\/www.yusewood.com\/sl\/"]}]},{"@type":"BreadcrumbList","@id":"https:\/\/www.yusewood.com\/sl\/#breadcrumb","itemListElement":[{"@type":"ListItem","position":1,"name":"Domov","item":"https:\/\/www.yusewood.com\/sl\/"},{"@type":"ListItem","position":2,"name":"Vrhunski leseni izdelki &amp; terase"}]},{"@type":"WebSite","@id":"https:\/\/www.yusewood.com\/sl\/#website","url":"https:\/\/www.yusewood.com\/sl\/","name":"YuseWood","description":"","publisher":{"@id":"https:\/\/www.yusewood.com\/sl\/#organization"},"potentialAction":[{"@type":"SearchAction","target":{"@type":"EntryPoint","urlTemplate":"https:\/\/www.yusewood.com\/sl\/?s={search_term_string}"},"query-input":{"@type":"PropertyValueSpecification","valueRequired":true,"valueName":"search_term_string"}}],"inLanguage":"sl-SI"},{"@type":"Organization","@id":"https:\/\/www.yusewood.com\/sl\/#organization","name":"YuseWood","url":"https:\/\/www.yusewood.com\/sl\/","logo":{"@type":"ImageObject","inLanguage":"sl-SI","@id":"https:\/\/www.yusewood.com\/sl\/#\/schema\/logo\/image\/","url":"https:\/\/www.yusewood.com\/wp-content\/uploads\/2025\/03\/Yuse-Logo.png","contentUrl":"https:\/\/www.yusewood.com\/wp-content\/uploads\/2025\/03\/Yuse-Logo.png","width":500,"height":500,"caption":"YuseWood"},"image":{"@id":"https:\/\/www.yusewood.com\/sl\/#\/schema\/logo\/image\/"},"sameAs":["https:\/\/www.facebook.com\/yusewood","https:\/\/www.instagram.com\/yusewood"]}]}},"_links":{"self":[{"href":"https:\/\/www.yusewood.com\/sl\/wp-json\/wp\/v2\/pages\/1109","targetHints":{"allow":["GET"]}}],"collection":[{"href":"https:\/\/www.yusewood.com\/sl\/wp-json\/wp\/v2\/pages"}],"about":[{"href":"https:\/\/www.yusewood.com\/sl\/wp-json\/wp\/v2\/types\/page"}],"author":[{"embeddable":true,"href":"https:\/\/www.yusewood.com\/sl\/wp-json\/wp\/v2\/users\/1"}],"replies":[{"embeddable":true,"href":"https:\/\/www.yusewood.com\/sl\/wp-json\/wp\/v2\/comments?post=1109"}],"version-history":[{"count":4,"href":"https:\/\/www.yusewood.com\/sl\/wp-json\/wp\/v2\/pages\/1109\/revisions"}],"predecessor-version":[{"id":1166,"href":"https:\/\/www.yusewood.com\/sl\/wp-json\/wp\/v2\/pages\/1109\/revisions\/1166"}],"wp:attachment":[{"href":"https:\/\/www.yusewood.com\/sl\/wp-json\/wp\/v2\/media?parent=1109"}],"curies":[{"name":"wp","href":"https:\/\/api.w.org\/{rel}","templated":true}]}}